{"id":298,"date":"2017-10-30T09:31:48","date_gmt":"2017-10-30T09:31:48","guid":{"rendered":"https:\/\/ceccararad.ro\/ro\/?page_id=298"},"modified":"2025-02-25T11:33:36","modified_gmt":"2025-02-25T09:33:36","slug":"examenul-de-aptitudini","status":"publish","type":"page","link":"https:\/\/ceccarsibiu.ro\/ro\/membri\/cum-devin-membru-ceccar\/examenul-de-aptitudini\/","title":{"rendered":"Examenul de aptitudini"},"content":{"rendered":"<section   class=\"fw-main-row  auto  fw-section-position-back\"    >\n\t\t\t<div class=\"fw-container\" >\n\t\t<div class=\"fw-row\">\n\t<div id=\"column-69d611c6ec0c4\" class=\"fw-col-sm-12 tf-sh-4bf7de7076824fb4c351a6d1039d0743\" >\n\t<div class=\"fw-wrap-col-inner clearfix  \"   >\n\t\t\t\t<div class=\"fw-col-inner\">\n\t\t\t<div class=\"fw-text-box tf-sh-b4a496c23a94b122350f1c9e2210e50c \" >\n\t<div class=\"fw-text-inner\">\n\t\t<p><strong><span style=\"font-size: 12pt;\">Examenul de aptitudini<br \/><\/span><\/strong><\/p>\n\t<\/div>\n<\/div><div class=\"fw-divider-space space-sm  clearfix\"  ><\/div><div class=\"tf-sh-435841a89aa1e8b5e1a52a967d0eb145 fw-tabs fw-tabs-minimal fw-tabs-top \" >\n\t<ul class=\"nav nav-tabs nav-justified\">\n\t\t\t\t\t<li class=\"active\">\n\t\t\t\t<a href=\"#tab-cont-435841a89aa1e8b5e1a52a967d0eb145-1\" data-toggle=\"tab\">\n\t\t\t\t\t\n\t\t\t\t\t\t\t\t\t\t<span>Sesiuni de examen de aptitudini<\/span>\n\t\t\t\t<\/a>\n\t\t\t<\/li>\n\t\t\t\t\t\t\t\t<li >\n\t\t\t\t<a href=\"#tab-cont-435841a89aa1e8b5e1a52a967d0eb145-2\" data-toggle=\"tab\">\n\t\t\t\t\t\n\t\t\t\t\t\t\t\t\t\t<span>Rezultate examen aptitudini<\/span>\n\t\t\t\t<\/a>\n\t\t\t<\/li>\n\t\t\t\t\t\t\t\t<li >\n\t\t\t\t<a href=\"#tab-cont-435841a89aa1e8b5e1a52a967d0eb145-3\" data-toggle=\"tab\">\n\t\t\t\t\t\n\t\t\t\t\t\t\t\t\t\t<span>Dosarul de \u00eenscriere la examenul de aptitudini<\/span>\n\t\t\t\t<\/a>\n\t\t\t<\/li>\n\t\t\t\t\t\t\t\t<li >\n\t\t\t\t<a href=\"#tab-cont-435841a89aa1e8b5e1a52a967d0eb145-4\" data-toggle=\"tab\">\n\t\t\t\t\t\n\t\t\t\t\t\t\t\t\t\t<span>Regulament examen de aptitudini<\/span>\n\t\t\t\t<\/a>\n\t\t\t<\/li>\n\t\t\t\t\t\t\t\t<li >\n\t\t\t\t<a href=\"#tab-cont-435841a89aa1e8b5e1a52a967d0eb145-5\" data-toggle=\"tab\">\n\t\t\t\t\t\n\t\t\t\t\t\t\t\t\t\t<span>Programa aferent\u0103 examenului de aptitudini<\/span>\n\t\t\t\t<\/a>\n\t\t\t<\/li>\n\t\t\t\t\t\t<\/ul>\n\n\t<div class=\"tab-content clearfix\">\n\t\t\t\t\t<div id=\"tab-cont-435841a89aa1e8b5e1a52a967d0eb145-1\"\n\t\t\t     class=\"tab-pane fade in active\">\n\t\t\t\t\n\t\t\t\t\t\t\t\t\t<header class=\"entry-header\"><header class=\"entry-header\"><header class=\"entry-header\"><h1><span style=\"font-size: 14pt;\"><strong>Sesiunea ordinar\u0103 a examenului de aptitudini, 27 martie - 04 aprilie 2025<\/strong><\/span><\/h1><p style=\"text-align: justify;\">Pentru \u00eenscrierea la examenul de aptitudini, stagiarii care \u00eendeplinesc condi\u021biile prev\u0103zute de\u00a0<em>Regulamentul privind organizarea \u0219i desf\u0103\u0219urarea examenului de aptitudini pentru accesul la profesia de expert contabil \u0219i contabil autorizat<\/em>\u00a0vor depune la filiala CECCAR \u00een cadrul c\u0103reia au efectuat stagiul sau la filiala de domiciliu, un dosar care s\u0103 cuprind\u0103:<\/p><p>a) cerere de \u00eenscriere la examenul de aptitudini, semnat\u0103 olograf, \u00een original;<\/p><p>b) copia certificat\u0103 pentru conformitate cu originalul a diplomei care atest\u0103 finalizarea studiilor superioare \u00een cadrul unui program de studii universitare \u00een conformitate cu prevederile Legii educa\u021biei na\u021bionale nr. 1\/2011, cu modific\u0103rile \u0219i complet\u0103rile ulterioare, sau echivalent, \u00een \u0219tiin\u021be economice, pentru candida\u021bii \u00eenscri\u0219i la examenul de expert contabil,\u00a0 respectiv a diplomei de bacalaureat sau echivalent pentru candida\u021bii \u00eenscri\u0219i la examenul de contabil autorizat, recunoscute de ministerul de resort;<\/p><p>c) copia certificat\u0103 pentru conformitate cu originalul a actului de identitate;<\/p><p>d) copia certificatului de c\u0103s\u0103torie, \u00een cazul \u00een care numele \u00eenscris pe actele de studii nu coincide cu numele din actul de identitate, certificat\u0103 pentru conformitate cu originalul.<\/p><p>e) certificat de cazier judiciar valabil, \u00een original;<\/p><p>f) adeverin\u021b\u0103 medical\u0103 care s\u0103 ateste capacitatea de exerci\u021biu deplin\u0103, \u00een original;<\/p><p>g) dovada achit\u0103rii taxei de \u00eenscriere;<\/p><p>h) certificat de stagiu emis de filiala CECCAR \u00een cadrul c\u0103reia s-a efectuat stagiul, \u00een original;<\/p><p><a title=\"\" href=\"https:\/\/ceccar.ro\/ro\/wp-content\/uploads\/2024\/10\/Cerere-inscriere-examen-aptitudini.pdf\" target=\"_blank\" rel=\"noopener\">i) cererea de \u00eenscriere ca membru CECCAR condi\u021bionat\u0103 de promovarea examenului de aptitudini\u00a0<\/a><em>(prev\u0103zut\u0103 de art. 15, alin. (2), lit.j. din Regulamentul de aptitudini), conform anexei;<\/em><\/p><p>j)\u00a0\u00a0<a title=\"\" href=\"https:\/\/ceccar.ro\/ro\/wp-content\/uploads\/2024\/10\/Acord-GDPR-pentru-ex-apt-2024.pdf\" target=\"_blank\" rel=\"noopener\">acordul GDPR, conform anexei<\/a>;<\/p><p>k)\u00a0<a title=\"\" href=\"https:\/\/ceccar.ro\/ro\/wp-content\/uploads\/2024\/10\/Acord-inregistrare-audio-video-examen-apt.pdf\" target=\"_blank\" rel=\"noopener\">acord inregistrare audio-video, conform anexei<\/a>.<\/p><p>Certificarea copiei pentru conformitate cu originalul pentru documentele prev\u0103zute la lit. b) \u2013 d) se realizeaz\u0103 de c\u0103tre personalul CECCAR. Candidatul va prezenta la depunerea dosarului aceste documente \u00een original sau copie legalizat\u0103, iar dup\u0103 certificarea copiei pentru conformitate cu originalul, originalul sau copia legalizat\u0103 se returneaz\u0103 titularului.<\/p><p>Pentru a veni \u00een sprijinul candida\u021bilor care nu au reu\u0219it s\u0103 promoveze \u0219i care vor depune dosarul de \u00eenscriere p\u00e2n\u0103 la data de <strong>28 februarie 2025, CECCAR va organiza cursuri de preg\u0103tire gratuite, \u00eencep\u00e2nd cu data de 03 martie 2025.<\/strong><\/p><p style=\"text-align: justify;\">Data limit\u0103 p\u00e2n\u0103 la care candida\u021bii pot depune dosarul de \u00eenscriere pentru sesiunea ordinar\u0103 a examenului de aptitudini din perioada 27 martie \u2013 04 aprilie este <strong>10 martie 2025<\/strong>.<\/p><p class=\"has-text-align-center\"><strong>Structura probelor de examen:<\/strong><\/p><p><img decoding=\"async\" src=\"https:\/\/ceccar.ro\/ro\/wp-content\/uploads\/2025\/02\/EC2025.png\" \/><\/p><\/header><\/header><\/header>\t\t\t\t\t\t\t<\/div>\n\t\t\t\t\t\t<div id=\"tab-cont-435841a89aa1e8b5e1a52a967d0eb145-2\"\n\t\t\t     class=\"tab-pane fade \">\n\t\t\t\t\n\t\t\t\t\t\t\t<\/div>\n\t\t\t\t\t\t<div id=\"tab-cont-435841a89aa1e8b5e1a52a967d0eb145-3\"\n\t\t\t     class=\"tab-pane fade \">\n\t\t\t\t\n\t\t\t\t\t\t\t\t\t<p style=\"text-align: justify;\">Pentru \u00eenscrierea la examenul de aptitudini, stagiarii care \u00eendeplinesc condi\u021biile prev\u0103zute de <em>Regulamentul privind organizarea \u0219i desf\u0103\u0219urarea examenului de aptitudini pentru accesul la profesia de expert contabil \u0219i contabil autorizat<\/em> vor depune la filiala Sibiu a CECCAR, un dosar care s\u0103 cuprind\u0103:<\/p><p style=\"text-align: justify;\">a) cerere de \u00eenscriere la examenul de aptitudini, semnat\u0103 olograf, \u00een original;<\/p><p style=\"text-align: justify;\">b) copia certificat\u0103 pentru conformitate cu originalul a diplomei care atest\u0103 finalizarea studiilor superioare \u00een cadrul unui program de studii universitare \u00een conformitate cu prevederile Legii educa\u021biei na\u021bionale nr.1\/2011, cu modific\u0103rile \u0219i complet\u0103rile ulterioare, sau echivalent, \u00een \u0219tiin\u021be economice, pentru candida\u021bii \u00eenscri\u0219i la examenul de expert contabil,\u00a0 respectiv a diplomei de bacalaureat sau echivalent pentru candida\u021bii \u00eenscri\u0219i la examenul de contabil autorizat, recunoscute de ministerul de resort;<\/p><p style=\"text-align: justify;\">c) copia certificat\u0103 pentru conformitate cu originalul a actului de identitate;<\/p><p style=\"text-align: justify;\">d) copia certificatului de c\u0103s\u0103torie, \u00een cazul \u00een care numele \u00eenscris pe actele de studii nu coincide cu numele din actul de identitate, certificat\u0103 pentru conformitate cu originalul.<\/p><p>e) certificat de cazier judiciar valabil, \u00een original;<\/p><p style=\"text-align: justify;\">f) adeverin\u021b\u0103 medical\u0103 care s\u0103 ateste capacitatea de exerci\u021biu deplin\u0103, \u00een original;<\/p><p>g) dou\u0103 fotografii tip C.I.;<\/p><p style=\"text-align: justify;\">h) dovada achit\u0103rii taxei de \u00eenscriere, respectiv c\/v \u00een lei la cursul BNR din ziua pl\u0103\u0163ii a 175 Euro pentru expert contabil \u0219i 125 Euro pentru contabil autorizat;<\/p><p style=\"text-align: justify;\">i) certificat de stagiu emis de filiala CECCAR \u00een cadrul c\u0103reia s-a efectuat stagiul, \u00een original;<\/p><p style=\"text-align: justify;\">j) cererea de \u00eenscriere ca membru CECCAR condi\u021bionat\u0103 de promovarea examenului de aptitudini <em>(prev\u0103zut\u0103 de art. 15, alin. (2), lit.j. din Regulamentul de aptitudini);<\/em><\/p><p>k) acordul GDPR, conform anexei;<\/p><p>l) acord inregistrare audio-video, conform anexei.<\/p><p>&nbsp;<\/p><p style=\"text-align: justify;\">Certificarea copiei pentru conformitate cu originalul pentru documentele prev\u0103zute la lit. b) - d) se realizeaz\u0103 de c\u0103tre personalul CECCAR. Candidatul va prezenta la depunerea dosarului aceste documente \u00een original sau copie legalizat\u0103, iar dup\u0103 certificarea copiei pentru conformitate cu originalul, originalul sau copia legalizat\u0103 se returneaz\u0103 titularului.<\/p><p>&nbsp;<\/p><p>Data limit\u0103 p\u00e2n\u0103 la care candida\u021bii pot depune dosarul de \u00eenscriere la sesiunea ordinar\u0103 a examenului de aptitudini este <strong>10 martie 2025<\/strong>.<\/p><p><strong>Taxa de \u00eenscriere la examen va fi achitat\u0103 \u00een contul CECCAR Sibiu: RO47BTRLRONCRT0V25815623<\/strong><\/p>\t\t\t\t\t\t\t<\/div>\n\t\t\t\t\t\t<div id=\"tab-cont-435841a89aa1e8b5e1a52a967d0eb145-4\"\n\t\t\t     class=\"tab-pane fade \">\n\t\t\t\t\n\t\t\t\t\t\t\t\t\t<ul><li style=\"text-align: justify;\"><a href=\"https:\/\/ceccarsibiu.ro\/ro\/wp-content\/uploads\/2025\/01\/Regulament-examen-aptitudini_avizat-MF.pdf\">Regulament examen de aptitudini\u00a0\u00een vederea ob\u0163inerii calit\u0103\u0163ii de expert contabil<\/a><\/li><\/ul><p>&nbsp;<\/p><p><strong><u>Pentru accesul la profesia de expert contabil<\/u><\/strong><u>: <\/u><\/p><p><strong>Art.10<\/strong> (1) Examenul de aptitudini pentru\u00a0 accesul la profesia de expert contabil const\u0103 \u00een sus\u021binerea a trei probe, dup\u0103 cum urmeaz\u0103:<\/p><ol><li>a) prima proba con\u021bine subiecte din ariile de competen\u021b\u0103 contabilitate \u0219i etica profesioni\u0219tilor contabili;<\/li><li>b) a doua prob\u0103 con\u021bine subiecte din ariile de competen\u021b\u0103 fiscalitate, drept \u0219i expertiz\u0103 contabil\u0103 inclusiv cele cu component\u0103 fiscal\u0103;<\/li><li>c) a treia proba con\u021bine subiecte din ariile de competen\u021b\u0103 control intern, audit \u0219i asigurare \u0219i managementul, analiza \u0219i evaluarea afacerii\/\u00eentreprinderii.<\/li><\/ol><p>(2) Fiecare prob\u0103 se\u00a0 desf\u0103\u0219oar\u0103 pe o durat\u0103 de 3 ore.<\/p><p>(3) Nota pentru fiecare prob\u0103 se calculeaz\u0103 cu dou\u0103 zecimale, f\u0103r\u0103 rotunjire la num\u0103r \u00eentreg.<\/p><p>(4) Pentru promovarea examenului de aptitudini candidatul trebuie s\u0103 ob\u021bin\u0103 minimum nota 6 la fiecare prob\u0103 \u0219i cel pu\u021bin media 7 pentru cele trei probe. Media se calculeaz\u0103 cu dou\u0103 zecimale, ca medie aritmetic\u0103 a notelor ob\u021binute la cele trei probe.<\/p><p>(5) Condi\u021biile de promovare a examenului de aptitudini prev\u0103zute la alin.(4) trebuie \u00eendeplinite integral \u00eentr-o sesiune a examenului de aptitudini.<\/p><p>(6) Prin excep\u021bie de la prevederile alin.(5) condi\u021biile de promovare a examenului de aptitudini prev\u0103zute la alin.(4) pot fi \u00eendeplinite cumulat \u00een sesiunea ordinar\u0103 \u0219i sesiunea\/sesiunile extraordinare organizate \u00een cadrul aceluia\u0219i an calendaristic, sub condi\u021bia ob\u021binerii minimum a notei 6 la cel pu\u021bin una dintre probe, \u00een cadrul sesiunii ordinare organizate \u00een anul respectiv.<\/p><p>(7) \u00cen situa\u021bia reglementat\u0103 la alin. (6) \u00een cadrul sesiunii\/sesiunilor extraordinare se vor putea sus\u021bine probele pentru care opteaz\u0103 candidatul. \u00cen aceast\u0103 situa\u021bie media se va calcula ca medie artitmetic\u0103 a ultimelor note ob\u021binute la probele de examen.<\/p><p><strong><u>\u00a0<\/u><\/strong><\/p><p><strong><u>Pentru accesul la profesia de contabil autorizat<\/u><\/strong><strong>: <\/strong><\/p><p><strong>Art.11 <\/strong>(1) Examenul de aptitudini pentru\u00a0 accesul la profesia de contabil autorizat const\u0103 \u00een sus\u021binerea a dou\u0103 probe, dup\u0103 cum urmeaz\u0103:<\/p><ol><li>a) prima proba con\u021bine subiecte din ariile de competen\u021b\u0103 contabilitate \u0219i etica profesioni\u0219tilor contabili;<\/li><li>b) a doua prob\u0103 con\u021bine subiecte din ariile de competen\u021b\u0103 fiscalitate, drept \u0219i analiza financiar\u0103 a afacerii\/\u00eentreprinderii<\/li><\/ol><p>(2) Fiecare prob\u0103 se desf\u0103\u0219oar\u0103 pe o durat\u0103 de 3 ore.<\/p><p>(3) Nota pentru fiecare prob\u0103 se calculeaz\u0103 cu dou\u0103 zecimale, f\u0103r\u0103 rotunjire la num\u0103r \u00eentreg.<\/p><p>(4) Pentru promovarea examenului de aptitudini candidatul trebuie s\u0103 ob\u021bin\u0103 minimum nota 6 la fiecare prob\u0103 \u0219i cel pu\u021bin media 7 pentru cele dou\u0103 probe. Media se calculeaz\u0103 cu dou\u0103 zecimale, ca medie aritmetic\u0103 a notelor ob\u021binute la cele dou\u0103 probe.<\/p><p>(5)Condi\u021biile de promovare a examenului de aptitudini prev\u0103zute la alin.(4) trebuie \u00eendeplinite integral \u00eentr-o sesiune a examenului de aptitudini.<\/p><p>(6) Prin excep\u021bie de la prevederile alin.(5) condi\u021biile de promovare a examenului de aptitudini prev\u0103zute la alin.(4) pot fi \u00eendeplinite cumulat \u00een sesiunea ordinar\u0103 \u0219i sesiunea\/sesiunile extraordinare organizate \u00een cadrul aceluia\u0219i an calendaristic, sub condi\u021bia ob\u021binerii minimum a notei 6 la una dintre probe, \u00een cadrul sesiunii ordinare organizate \u00een anul respectiv.<\/p><p>(7) \u00cen situa\u021bia reglementat\u0103 la alin. (6) \u00een cadrul sesiunii\/sesiunilor extraordinare se vor putea sus\u021bine, probele pentru care opteaz\u0103 candidatul. \u00cen aceast\u0103 situa\u021bie media se va calcula ca medie artitmetic\u0103 a ultimelor note ob\u021binute la probele de examen.<\/p>\t\t\t\t\t\t\t<\/div>\n\t\t\t\t\t\t<div id=\"tab-cont-435841a89aa1e8b5e1a52a967d0eb145-5\"\n\t\t\t     class=\"tab-pane fade \">\n\t\t\t\t\n\t\t\t\t\t\t\t\t\t<ul><li style=\"text-align: justify;\"><a href=\"https:\/\/ceccarsibiu.ro\/ro\/wp-content\/uploads\/2024\/01\/EC-Tematica-examen-aptitudini-noiembrie-2023.pdf\">Programa aferent\u0103 examenului de aptitudini\u00a0\u00een vederea ob\u0163inerii calit\u0103\u0163ii de expert contabil<\/a><\/li><li style=\"text-align: justify;\"><a href=\"https:\/\/ceccarsibiu.ro\/ro\/wp-content\/uploads\/2024\/01\/CA-Tematica-examen-aptitudini-noiembrie-2023.pdf\">Programa aferent\u0103 examenului de aptitudini\u00a0\u00een vederea ob\u0163inerii calit\u0103\u0163ii de contabil autorizat<\/a><\/li><\/ul>\t\t\t\t\t\t\t<\/div>\n\t\t\t\t<\/div>\n<\/div><div class=\"fw-divider-space space-sm  clearfix\"  ><\/div>\t\t<\/div>\n\t<\/div>\n<\/div><\/div>\n\n\t<\/div>\n\t<\/section>\n","protected":false},"excerpt":{"rendered":"<p>Examenul de aptitudini Sesiuni de examen de aptitudini Rezultate examen aptitudini Dosarul de \u00eenscriere la examenul de aptitudini Regulament examen de aptitudini Programa aferent\u0103 examenului de aptitudini Sesiunea ordinar\u0103 a examenului de aptitudini, 27 martie [&hellip;]<\/p>\n","protected":false},"author":1,"featured_media":0,"parent":288,"menu_order":0,"comment_status":"closed","ping_status":"closed","template":"visual-builder-template.php","meta":{"footnotes":""},"class_list":["post-298","page","type-page","status-publish","hentry"],"_links":{"self":[{"href":"https:\/\/ceccarsibiu.ro\/ro\/wp-json\/wp\/v2\/pages\/298"}],"collection":[{"href":"https:\/\/ceccarsibiu.ro\/ro\/wp-json\/wp\/v2\/pages"}],"about":[{"href":"https:\/\/ceccarsibiu.ro\/ro\/wp-json\/wp\/v2\/types\/page"}],"author":[{"embeddable":true,"href":"https:\/\/ceccarsibiu.ro\/ro\/wp-json\/wp\/v2\/users\/1"}],"replies":[{"embeddable":true,"href":"https:\/\/ceccarsibiu.ro\/ro\/wp-json\/wp\/v2\/comments?post=298"}],"version-history":[{"count":124,"href":"https:\/\/ceccarsibiu.ro\/ro\/wp-json\/wp\/v2\/pages\/298\/revisions"}],"predecessor-version":[{"id":3723,"href":"https:\/\/ceccarsibiu.ro\/ro\/wp-json\/wp\/v2\/pages\/298\/revisions\/3723"}],"up":[{"embeddable":true,"href":"https:\/\/ceccarsibiu.ro\/ro\/wp-json\/wp\/v2\/pages\/288"}],"wp:attachment":[{"href":"https:\/\/ceccarsibiu.ro\/ro\/wp-json\/wp\/v2\/media?parent=298"}],"curies":[{"name":"wp","href":"https:\/\/api.w.org\/{rel}","templated":true}]}}