{"id":1542,"date":"2019-09-19T13:51:52","date_gmt":"2019-09-19T11:51:52","guid":{"rendered":"https:\/\/ceccararad.ro\/ro\/?page_id=1542"},"modified":"2026-04-07T12:25:01","modified_gmt":"2026-04-07T10:25:01","slug":"conducerea-filialei","status":"publish","type":"page","link":"https:\/\/ceccarsibiu.ro\/ro\/despre-noi\/organe-de-conducere-ale-ceccar\/conducerea-filialei\/","title":{"rendered":"Conducerea filialei"},"content":{"rendered":"<section   class=\"fw-main-row  auto  fw-section-position-back\"    >\n\t\t\t<div class=\"fw-container\" >\n\t\t<div class=\"fw-row\">\n\t<div id=\"column-69e358e4e4487\" class=\"fw-col-sm-12 tf-sh-2d6908ceb28c160426878497d8edb2f5\" >\n\t<div class=\"fw-wrap-col-inner clearfix  \"   >\n\t\t\t\t<div class=\"fw-col-inner\">\n\t\t\t<div class=\"fw-divider-space space-sm  clearfix\"  ><\/div>\t\t<\/div>\n\t<\/div>\n<\/div><\/div>\n\n<div class=\"fw-row\">\n\t<div id=\"column-69e358e4e4c89\" class=\"fw-col-sm-12 tf-sh-f288db455e7db610c8b099073379b8c5\" >\n\t<div class=\"fw-wrap-col-inner clearfix  \"   >\n\t\t\t\t<div class=\"fw-col-inner\">\n\t\t\t<div class=\"fw-text-box tf-sh-d6814657c82f87ec9b13d2c144d6f523 \" >\n\t<div class=\"fw-text-inner\">\n\t\t<p><strong>Conducerea filialei<\/strong><\/p>\n<p><span style=\"color: #3366ff;\"><a style=\"color: #3366ff;\" href=\"https:\/\/ceccarsibiu.ro\/ro\/wp-content\/uploads\/2026\/03\/05-PV-com.electorala-2026-.pdf\"><strong>Proces verbal al opera\u021biunii de num\u0103rare a voturilor \u0219i de stabilire a rezultatului vot\u0103rii<\/strong><\/a><\/span><\/p>\n<p><a href=\"https:\/\/ceccarsibiu.ro\/ro\/wp-content\/uploads\/2026\/02\/PV-candidaturi-membru-CF_site.pdf\"><strong>Proces verbal privind nominalizarea candida\u021bilor la func\u0163ia de\u00a0 membru al consiliului filialei \u0219i anexa la PV<\/strong><\/a><\/p>\n<p><a href=\"https:\/\/ceccarsibiu.ro\/ro\/wp-content\/uploads\/2026\/02\/PV-candidaturi-PCD_site.pdf\"><strong>Proces verbal privind nominalizarea candida\u021bilor la func\u0163ia de pre\u0219edinte al comisiei de disciplin\u0103 \u0219i anexa la PV<\/strong><\/a><\/p>\n<p><a href=\"https:\/\/ceccarsibiu.ro\/ro\/wp-content\/uploads\/2026\/02\/PV-candidaturi-membru-CD_site.pdf\"><strong>Proces verbal privind nominalizarea candida\u021bilor la func\u0163ia de membru al comisiei de disciplin\u0103 \u0219i anexa la PV<\/strong><\/a><\/p>\n<hr \/>\n<p><a href=\"https:\/\/ceccarsibiu.ro\/ro\/wp-content\/uploads\/2026\/02\/Declaratie-de-candidatura-pentru-functia-de-membru-in-Consiliul-filialei.doc\" target=\"_blank\" rel=\"noopener\"><strong>DECLARA\u0162IE DE CANDIDATUR\u0102 pentru func\u0163ia de membru \u00een Consiliul filialei<\/strong><\/a><\/p>\n<p><a href=\"https:\/\/ceccarsibiu.ro\/ro\/wp-content\/uploads\/2026\/02\/Declaratie-de-candidatura-pentru-functia-de-presedinte-al-Comisiei-de-disciplina-a-filialei.doc\" target=\"_blank\" rel=\"noopener\"><strong>DECLARA\u0162IE DE CANDIDATUR\u0102 pentru func\u0163ia de presedinte al Comisiei de disciplin\u0103 a filialei<\/strong><\/a><\/p>\n<p><a href=\"https:\/\/ceccarsibiu.ro\/ro\/wp-content\/uploads\/2026\/02\/Declaratie-de-candidatura-pentru-functia-de-membru-in-Comisia-de-disciplina-a-filialei.doc\" target=\"_blank\" rel=\"noopener\"><strong>DECLARA\u0162IE DE CANDIDATUR\u0102 pentru func\u0163ia de membru \u00een Comisia de disciplin\u0103 a filialei<\/strong><\/a><\/p>\n\t<\/div>\n<\/div><div class=\"fw-divider-space space-sm  clearfix\"  ><\/div>\t\t<\/div>\n\t<\/div>\n<\/div><\/div>\n\n<div class=\"fw-row\">\n\t<div id=\"column-69e358e4e5787\" class=\"fw-col-sm-12 tf-sh-0a8171801936d213c7a64b1bcf4cdbd1\" >\n\t<div class=\"fw-wrap-col-inner clearfix  \"   >\n\t\t\t\t<div class=\"fw-col-inner\">\n\t\t\t<div class=\"fw-text-box tf-sh-1e0cfbb0e1599d49664b7fd25ab8cd32 \" >\n\t<div class=\"fw-text-inner\">\n\t\t<p style=\"text-align: center;\"><strong>Consiliul filialei<\/strong><\/p>\n\t<\/div>\n<\/div><div class=\"fw-divider-space space-sm  clearfix\"  ><\/div><div class=\"tf-sh-1d02772b373057da2f63e15e063b28c8 fw-table fw-table-bordered fw-table-hover fw-table-striped \" >\n\t<table>\n\t\t\t\t\t\t\t\t\t<thead>\n\t\t\t\t<tr class=\"heading-row\">\n\t\t\t\t\t\t\t\t\t\t\t<th class=\"table-col-default\">\n\t\t\t\t\t\t\tPre\u015fedinte\t\t\t\t\t\t<\/th>\n\t\t\t\t\t\t\t\t\t\t\t<th class=\"table-col-default\">\n\t\t\t\t\t\t\tVicepre\u015fedin\u0163i\t\t\t\t\t\t<\/th>\n\t\t\t\t\t\t\t\t\t\t\t<th class=\"table-col-default\">\n\t\t\t\t\t\t\tMembri titulari\t\t\t\t\t\t<\/th>\n\t\t\t\t\t\t\t\t\t\t\t<th class=\"table-col-default\">\n\t\t\t\t\t\t\tMembri suplean\u0163i\t\t\t\t\t\t<\/th>\n\t\t\t\t\t\t\t\t\t<\/tr>\n\t\t\t\t<\/thead>\n\t\t\t\t\t\t\t\t\t\t\t\t<tr class=\"default-row\">\n\t\t\t\t\t\t\t\t\t\t\t\t\t\t\t\t\t\t<td>\n\t\t\t\t\t\t\t\tPop Florin Eugen\t\t\t\t\t\t\t<\/td>\n\t\t\t\t\t\t\t\t\t\t\t\t\t\t\t\t\t\t\t\t\t\t\t\t<td>\n\t\t\t\t\t\t\t\t\t\t\t\t\t\t\t<\/td>\n\t\t\t\t\t\t\t\t\t\t\t\t\t\t\t\t\t\t\t\t\t\t\t\t<td>\n\t\t\t\t\t\t\t\tBarda\u0219u Neaga Milica\t\t\t\t\t\t\t<\/td>\n\t\t\t\t\t\t\t\t\t\t\t\t\t\t\t\t\t\t\t\t\t\t\t\t<td>\n\t\t\t\t\t\t\t\tCruduleci Mihaela\t\t\t\t\t\t\t<\/td>\n\t\t\t\t\t\t\t\t\t\t\t\t\t\t\t<\/tr>\n\t\t\t\t\t\t\t\t\t\t\t\t<tr class=\"default-row\">\n\t\t\t\t\t\t\t\t\t\t\t\t\t\t\t\t\t\t<td>\n\t\t\t\t\t\t\t\t\t\t\t\t\t\t\t<\/td>\n\t\t\t\t\t\t\t\t\t\t\t\t\t\t\t\t\t\t\t\t\t\t\t\t<td>\n\t\t\t\t\t\t\t\t\t\t\t\t\t\t\t<\/td>\n\t\t\t\t\t\t\t\t\t\t\t\t\t\t\t\t\t\t\t\t\t\t\t\t<td>\n\t\t\t\t\t\t\t\tChera Mihaela\t\t\t\t\t\t\t<\/td>\n\t\t\t\t\t\t\t\t\t\t\t\t\t\t\t\t\t\t\t\t\t\t\t\t<td>\n\t\t\t\t\t\t\t\t\t\t\t\t\t\t\t<\/td>\n\t\t\t\t\t\t\t\t\t\t\t\t\t\t\t<\/tr>\n\t\t\t\t\t\t\t\t\t\t\t\t<tr class=\"default-row\">\n\t\t\t\t\t\t\t\t\t\t\t\t\t\t\t\t\t\t<td>\n\t\t\t\t\t\t\t\t\t\t\t\t\t\t\t<\/td>\n\t\t\t\t\t\t\t\t\t\t\t\t\t\t\t\t\t\t\t\t\t\t\t\t<td>\n\t\t\t\t\t\t\t\t\t\t\t\t\t\t\t<\/td>\n\t\t\t\t\t\t\t\t\t\t\t\t\t\t\t\t\t\t\t\t\t\t\t\t<td>\n\t\t\t\t\t\t\t\tBlaga Ioan\t\t\t\t\t\t\t<\/td>\n\t\t\t\t\t\t\t\t\t\t\t\t\t\t\t\t\t\t\t\t\t\t\t\t<td>\n\t\t\t\t\t\t\t\t\t\t\t\t\t\t\t<\/td>\n\t\t\t\t\t\t\t\t\t\t\t\t\t\t\t<\/tr>\n\t\t\t\t\t\t\t\t\t\t\t\t<tr class=\"default-row\">\n\t\t\t\t\t\t\t\t\t\t\t\t\t\t\t\t\t\t<td>\n\t\t\t\t\t\t\t\t\t\t\t\t\t\t\t<\/td>\n\t\t\t\t\t\t\t\t\t\t\t\t\t\t\t\t\t\t\t\t\t\t\t\t<td>\n\t\t\t\t\t\t\t\t\t\t\t\t\t\t\t<\/td>\n\t\t\t\t\t\t\t\t\t\t\t\t\t\t\t\t\t\t\t\t\t\t\t\t<td>\n\t\t\t\t\t\t\t\tPavel Mariana\t\t\t\t\t\t\t<\/td>\n\t\t\t\t\t\t\t\t\t\t\t\t\t\t\t\t\t\t\t\t\t\t\t\t<td>\n\t\t\t\t\t\t\t\t\t\t\t\t\t\t\t<\/td>\n\t\t\t\t\t\t\t\t\t\t\t\t\t\t\t<\/tr>\n\t\t\t\t\t\t<\/table>\n<\/div><div class=\"fw-divider-space space-sm  clearfix\"  ><\/div>\t\t<\/div>\n\t<\/div>\n<\/div><\/div>\n\n<div class=\"fw-row\">\n\t<div id=\"column-69e358e4e680c\" class=\"fw-col-sm-4 tf-sh-5f84f8dd58043a2483bc7094a475932c\" >\n\t<div class=\"fw-wrap-col-inner clearfix  \"   >\n\t\t\t\t<div class=\"fw-col-inner\">\n\t\t\t<div class=\"fw-text-box tf-sh-145f3890ed9aed68c784a3dfd806e500 \" >\n\t<div class=\"fw-text-inner\">\n\t\t<p style=\"text-align: center;\"><strong>Comisia de disciplin\u0103<\/strong><\/p>\n\t<\/div>\n<\/div><div class=\"fw-divider-space space-sm  clearfix\"  ><\/div><div class=\"tf-sh-71274ce318237171ee0e2e43af08f11e fw-table fw-table-bordered fw-table-hover fw-table-striped \" >\n\t<table>\n\t\t\t\t\t\t\t\t\t<thead>\n\t\t\t\t<tr class=\"heading-row\">\n\t\t\t\t\t\t\t\t\t\t\t<th class=\"table-col-default\">\n\t\t\t\t\t\t\tPre\u015fedinte\t\t\t\t\t\t<\/th>\n\t\t\t\t\t\t\t\t\t\t\t<th class=\"table-col-default\">\n\t\t\t\t\t\t\tMembri titulari\t\t\t\t\t\t<\/th>\n\t\t\t\t\t\t\t\t\t\t\t<th class=\"table-col-default\">\n\t\t\t\t\t\t\tMembri suplean\u0163i\t\t\t\t\t\t<\/th>\n\t\t\t\t\t\t\t\t\t<\/tr>\n\t\t\t\t<\/thead>\n\t\t\t\t\t\t\t\t\t\t\t\t<tr class=\"default-row\">\n\t\t\t\t\t\t\t\t\t\t\t\t\t\t\t\t\t\t<td>\n\t\t\t\t\t\t\t\tMuntean Radu Alexandru\t\t\t\t\t\t\t<\/td>\n\t\t\t\t\t\t\t\t\t\t\t\t\t\t\t\t\t\t\t\t\t\t\t\t<td>\n\t\t\t\t\t\t\t\tSerghe Eva\t\t\t\t\t\t\t<\/td>\n\t\t\t\t\t\t\t\t\t\t\t\t\t\t\t\t\t\t\t\t\t\t\t\t<td>\n\t\t\t\t\t\t\t\tGaston Sanda\t\t\t\t\t\t\t<\/td>\n\t\t\t\t\t\t\t\t\t\t\t\t\t\t\t<\/tr>\n\t\t\t\t\t\t\t\t\t\t\t\t<tr class=\"default-row\">\n\t\t\t\t\t\t\t\t\t\t\t\t\t\t\t\t\t\t<td>\n\t\t\t\t\t\t\t\t\t\t\t\t\t\t\t<\/td>\n\t\t\t\t\t\t\t\t\t\t\t\t\t\t\t\t\t\t\t\t\t\t\t\t<td>\n\t\t\t\t\t\t\t\tMihu Ovidiu\t\t\t\t\t\t\t<\/td>\n\t\t\t\t\t\t\t\t\t\t\t\t\t\t\t\t\t\t\t\t\t\t\t\t<td>\n\t\t\t\t\t\t\t\tFederiga Miriam Daniela\t\t\t\t\t\t\t<\/td>\n\t\t\t\t\t\t\t\t\t\t\t\t\t\t\t<\/tr>\n\t\t\t\t\t\t\t\t\t\t\t\t<tr class=\"default-row\">\n\t\t\t\t\t\t\t\t\t\t\t\t\t\t\t\t\t\t<td>\n\t\t\t\t\t\t\t\t\t\t\t\t\t\t\t<\/td>\n\t\t\t\t\t\t\t\t\t\t\t\t\t\t\t\t\t\t\t\t\t\t\t\t<td>\n\t\t\t\t\t\t\t\tBerea Paraschiva\t\t\t\t\t\t\t<\/td>\n\t\t\t\t\t\t\t\t\t\t\t\t\t\t\t\t\t\t\t\t\t\t\t\t<td>\n\t\t\t\t\t\t\t\t\t\t\t\t\t\t\t<\/td>\n\t\t\t\t\t\t\t\t\t\t\t\t\t\t\t<\/tr>\n\t\t\t\t\t\t\t\t\t\t\t\t<tr class=\"default-row\">\n\t\t\t\t\t\t\t\t\t\t\t\t\t\t\t\t\t\t<td>\n\t\t\t\t\t\t\t\t\t\t\t\t\t\t\t<\/td>\n\t\t\t\t\t\t\t\t\t\t\t\t\t\t\t\t\t\t\t\t\t\t\t\t<td>\n\t\t\t\t\t\t\t\tTanase Carla Daniela\t\t\t\t\t\t\t<\/td>\n\t\t\t\t\t\t\t\t\t\t\t\t\t\t\t\t\t\t\t\t\t\t\t\t<td>\n\t\t\t\t\t\t\t\t\t\t\t\t\t\t\t<\/td>\n\t\t\t\t\t\t\t\t\t\t\t\t\t\t\t<\/tr>\n\t\t\t\t\t\t<\/table>\n<\/div><div class=\"fw-divider-space space-sm  clearfix\"  ><\/div>\t\t<\/div>\n\t<\/div>\n<\/div><div id=\"column-69e358e4e74cd\" class=\"fw-col-sm-4 tf-sh-3a3f6ac513b55d5ab11a43316ba9d546\" >\n\t<div class=\"fw-wrap-col-inner clearfix  \"   >\n\t\t\t\t<div class=\"fw-col-inner\">\n\t\t\t<div class=\"fw-text-box tf-sh-790ee37ce5e57eab7e8174e35c2a0653 \" >\n\t<div class=\"fw-text-inner\">\n\t\t<p style=\"text-align: center;\"><strong>Comisia de cenzori<\/strong><\/p>\n\t<\/div>\n<\/div><div class=\"fw-divider-space space-sm  clearfix\"  ><\/div><div class=\"tf-sh-84c0a9b454b210ef2a48eb8376e306df fw-table fw-table-bordered fw-table-hover fw-table-striped \" >\n\t<table>\n\t\t\t\t\t\t\t\t\t<thead>\n\t\t\t\t<tr class=\"heading-row\">\n\t\t\t\t\t\t\t\t\t\t\t<th class=\"table-col-default\">\n\t\t\t\t\t\t\tMembru titular\t\t\t\t\t\t<\/th>\n\t\t\t\t\t\t\t\t\t<\/tr>\n\t\t\t\t<\/thead>\n\t\t\t\t\t\t\t\t\t\t\t\t<tr class=\"default-row\">\n\t\t\t\t\t\t\t\t\t\t\t\t\t\t\t\t\t\t<td>\n\t\t\t\t\t\t\t\tVestemean Mihaela\t\t\t\t\t\t\t<\/td>\n\t\t\t\t\t\t\t\t\t\t\t\t\t\t\t<\/tr>\n\t\t\t\t\t\t<\/table>\n<\/div><div class=\"fw-divider-space space-sm  clearfix\"  ><\/div>\t\t<\/div>\n\t<\/div>\n<\/div><div id=\"column-69e358e4e8063\" class=\"fw-col-sm-4 tf-sh-4fc841d6dc6ede865c909619c831c359\" >\n\t<div class=\"fw-wrap-col-inner clearfix  \"   >\n\t\t\t\t<div class=\"fw-col-inner\">\n\t\t\t<div class=\"fw-text-box tf-sh-42f726dbd401b2dde2de5fa08378ef8c \" >\n\t<div class=\"fw-text-inner\">\n\t\t<p style=\"text-align: center;\"><strong>Comisia de arbitraj<\/strong><\/p>\n\t<\/div>\n<\/div><div class=\"fw-divider-space space-sm  clearfix\"  ><\/div><div class=\"tf-sh-c628f6258674305fa83ab11cccc4406c fw-table fw-table-bordered fw-table-hover fw-table-striped \" >\n\t<table>\n\t\t\t\t\t\t\t\t\t<thead>\n\t\t\t\t<tr class=\"heading-row\">\n\t\t\t\t\t\t\t\t\t\t\t<th class=\"table-col-default\">\n\t\t\t\t\t\t\tPre\u015fedinte\t\t\t\t\t\t<\/th>\n\t\t\t\t\t\t\t\t\t\t\t<th class=\"table-col-default\">\n\t\t\t\t\t\t\tMembri\t\t\t\t\t\t<\/th>\n\t\t\t\t\t\t\t\t\t<\/tr>\n\t\t\t\t<\/thead>\n\t\t\t\t\t\t\t\t\t\t\t\t<tr class=\"default-row\">\n\t\t\t\t\t\t\t\t\t\t\t\t\t\t\t\t\t\t<td>\n\t\t\t\t\t\t\t\tPop Florin Eugen\t\t\t\t\t\t\t<\/td>\n\t\t\t\t\t\t\t\t\t\t\t\t\t\t\t\t\t\t\t\t\t\t\t\t<td>\n\t\t\t\t\t\t\t\tSerghe Eva\t\t\t\t\t\t\t<\/td>\n\t\t\t\t\t\t\t\t\t\t\t\t\t\t\t<\/tr>\n\t\t\t\t\t\t\t\t\t\t\t\t<tr class=\"default-row\">\n\t\t\t\t\t\t\t\t\t\t\t\t\t\t\t\t\t\t<td>\n\t\t\t\t\t\t\t\t\t\t\t\t\t\t\t<\/td>\n\t\t\t\t\t\t\t\t\t\t\t\t\t\t\t\t\t\t\t\t\t\t\t\t<td>\n\t\t\t\t\t\t\t\tCruceru Marcela\t\t\t\t\t\t\t<\/td>\n\t\t\t\t\t\t\t\t\t\t\t\t\t\t\t<\/tr>\n\t\t\t\t\t\t\t\t\t\t\t\t<tr class=\"default-row\">\n\t\t\t\t\t\t\t\t\t\t\t\t\t\t\t\t\t\t<td>\n\t\t\t\t\t\t\t\t\t\t\t\t\t\t\t<\/td>\n\t\t\t\t\t\t\t\t\t\t\t\t\t\t\t\t\t\t\t\t\t\t\t\t<td>\n\t\t\t\t\t\t\t\tCruduleci Mihaela\t\t\t\t\t\t\t<\/td>\n\t\t\t\t\t\t\t\t\t\t\t\t\t\t\t<\/tr>\n\t\t\t\t\t\t\t\t\t\t\t\t<tr class=\"default-row\">\n\t\t\t\t\t\t\t\t\t\t\t\t\t\t\t\t\t\t<td>\n\t\t\t\t\t\t\t\t\t\t\t\t\t\t\t<\/td>\n\t\t\t\t\t\t\t\t\t\t\t\t\t\t\t\t\t\t\t\t\t\t\t\t<td>\n\t\t\t\t\t\t\t\tGaston Sanda\t\t\t\t\t\t\t<\/td>\n\t\t\t\t\t\t\t\t\t\t\t\t\t\t\t<\/tr>\n\t\t\t\t\t\t\t\t\t\t\t\t<tr class=\"default-row\">\n\t\t\t\t\t\t\t\t\t\t\t\t\t\t\t\t\t\t<td>\n\t\t\t\t\t\t\t\t\t\t\t\t\t\t\t<\/td>\n\t\t\t\t\t\t\t\t\t\t\t\t\t\t\t\t\t\t\t\t\t\t\t\t<td>\n\t\t\t\t\t\t\t\tBlaga Ioan\t\t\t\t\t\t\t<\/td>\n\t\t\t\t\t\t\t\t\t\t\t\t\t\t\t<\/tr>\n\t\t\t\t\t\t<\/table>\n<\/div><div class=\"fw-divider-space space-sm  clearfix\"  ><\/div>\t\t<\/div>\n\t<\/div>\n<\/div><\/div>\n\n<div class=\"fw-row\">\n\t<div id=\"column-69e358e4e98da\" class=\"fw-col-sm-12 tf-sh-9a7e3fffdda52bd1519f6f1b6c6d9bdd\" >\n\t<div class=\"fw-wrap-col-inner clearfix  \"   >\n\t\t\t\t<div class=\"fw-col-inner\">\n\t\t\t<div class=\"fw-text-box tf-sh-f132e4342b9a50e542711b1085877b5b \" >\n\t<div class=\"fw-text-inner\">\n\t\t<p style=\"text-align: center;\"><strong>Executivul filialei<\/strong><\/p>\n\t<\/div>\n<\/div><div class=\"fw-divider-space space-sm  clearfix\"  ><\/div><div class=\"tf-sh-bf14a175717ff3bce0aa335097a5b788 fw-table fw-table-bordered fw-table-hover fw-table-striped \" >\n\t<table>\n\t\t\t\t\t\t\t\t\t<thead>\n\t\t\t\t<tr class=\"heading-row\">\n\t\t\t\t\t\t\t\t\t\t\t<th class=\"table-col-default\">\n\t\t\t\t\t\t\tDirector executiv\t\t\t\t\t\t<\/th>\n\t\t\t\t\t\t\t\t\t\t\t<th class=\"table-col-default\">\n\t\t\t\t\t\t\t\u0218ef Birou Eviden\u021b\u0103 Tablou\t\t\t\t\t\t<\/th>\n\t\t\t\t\t\t\t\t\t\t\t<th class=\"table-col-default\">\n\t\t\t\t\t\t\t\u0218ef Birou Stagiu \u0219i Preg\u0103tire Profesional\u0103\t\t\t\t\t\t<\/th>\n\t\t\t\t\t\t\t\t\t\t\t<th class=\"table-col-default\">\n\t\t\t\t\t\t\t\u0218ef Birou Administrativ\t\t\t\t\t\t<\/th>\n\t\t\t\t\t\t\t\t\t<\/tr>\n\t\t\t\t<\/thead>\n\t\t\t\t\t\t\t\t\t\t\t\t<tr class=\"default-row\">\n\t\t\t\t\t\t\t\t\t\t\t\t\t\t\t\t\t\t<td>\n\t\t\t\t\t\t\t\tGhimi\u0219 Eugen\t\t\t\t\t\t\t<\/td>\n\t\t\t\t\t\t\t\t\t\t\t\t\t\t\t\t\t\t\t\t\t\t\t\t<td>\n\t\t\t\t\t\t\t\tConstantinescu Cristina\t\t\t\t\t\t\t<\/td>\n\t\t\t\t\t\t\t\t\t\t\t\t\t\t\t\t\t\t\t\t\t\t\t\t<td>\n\t\t\t\t\t\t\t\tMuntean Cristina\t\t\t\t\t\t\t<\/td>\n\t\t\t\t\t\t\t\t\t\t\t\t\t\t\t\t\t\t\t\t\t\t\t\t<td>\n\t\t\t\t\t\t\t\tDatcu Claudia\t\t\t\t\t\t\t<\/td>\n\t\t\t\t\t\t\t\t\t\t\t\t\t\t\t<\/tr>\n\t\t\t\t\t\t<\/table>\n<\/div><div class=\"fw-divider-space space-sm  clearfix\"  ><\/div>\t\t<\/div>\n\t<\/div>\n<\/div><\/div>\n\n<div class=\"fw-row\">\n\t<div id=\"column-69e358e4ea758\" class=\"fw-col-sm-4 tf-sh-3d681b1bb09ef566a3d4079d66205d79\" >\n\t<div class=\"fw-wrap-col-inner clearfix  \"   >\n\t\t\t\t<div class=\"fw-col-inner\">\n\t\t\t<div class=\"fw-text-box tf-sh-f5f3cd650ef833848a150d74b52ee981 \" >\n\t<div class=\"fw-text-inner\">\n\t\t<p style=\"text-align: center;\"><strong>Auditor<\/strong><\/p>\n\t<\/div>\n<\/div><div class=\"fw-divider-space space-sm  clearfix\"  ><\/div><div class=\"tf-sh-8551762a1d2a05f3b9c981802e35372f fw-table fw-table-bordered fw-table-hover fw-table-striped \" >\n\t<table>\n\t\t\t\t\t\t\t\t\t<thead>\n\t\t\t\t<tr class=\"heading-row\">\n\t\t\t\t\t\t\t\t\t\t\t<th class=\"table-col-default\">\n\t\t\t\t\t\t\tAuditor de calitate \t\t\t\t\t\t<\/th>\n\t\t\t\t\t\t\t\t\t<\/tr>\n\t\t\t\t<\/thead>\n\t\t\t\t\t\t\t\t\t\t\t\t<tr class=\"default-row\">\n\t\t\t\t\t\t\t\t\t\t\t\t\t\t\t\t\t\t<td>\n\t\t\t\t\t\t\t\tGhimi\u0219 Eugen\t\t\t\t\t\t\t<\/td>\n\t\t\t\t\t\t\t\t\t\t\t\t\t\t\t<\/tr>\n\t\t\t\t\t\t<\/table>\n<\/div><div class=\"fw-divider-space space-sm  clearfix\"  ><\/div>\t\t<\/div>\n\t<\/div>\n<\/div><\/div>\n\n<div class=\"fw-row\">\n\t<div id=\"column-69e358e4eb449\" class=\"fw-col-sm-12 tf-sh-04712e515e748d2041245117f495c620\" >\n\t<div class=\"fw-wrap-col-inner clearfix  \"   >\n\t\t\t\t<div class=\"fw-col-inner\">\n\t\t\t<div class=\"fw-divider-space space-md  clearfix\"  ><\/div>\t\t<\/div>\n\t<\/div>\n<\/div><\/div>\n\n\t<\/div>\n\t<\/section>\n","protected":false},"excerpt":{"rendered":"<p>Conducerea filialei Proces verbal al opera\u021biunii de num\u0103rare a voturilor \u0219i de stabilire a rezultatului vot\u0103rii Proces verbal privind nominalizarea candida\u021bilor la func\u0163ia de\u00a0 membru al consiliului filialei \u0219i anexa la PV Proces verbal privind [&hellip;]<\/p>\n","protected":false},"author":1,"featured_media":0,"parent":1403,"menu_order":0,"comment_status":"closed","ping_status":"closed","template":"brizy-blank-template.php","meta":{"footnotes":""},"class_list":["post-1542","page","type-page","status-publish","hentry"],"brizy_media":[],"_links":{"self":[{"href":"https:\/\/ceccarsibiu.ro\/ro\/wp-json\/wp\/v2\/pages\/1542","targetHints":{"allow":["GET"]}}],"collection":[{"href":"https:\/\/ceccarsibiu.ro\/ro\/wp-json\/wp\/v2\/pages"}],"about":[{"href":"https:\/\/ceccarsibiu.ro\/ro\/wp-json\/wp\/v2\/types\/page"}],"author":[{"embeddable":true,"href":"https:\/\/ceccarsibiu.ro\/ro\/wp-json\/wp\/v2\/users\/1"}],"replies":[{"embeddable":true,"href":"https:\/\/ceccarsibiu.ro\/ro\/wp-json\/wp\/v2\/comments?post=1542"}],"version-history":[{"count":74,"href":"https:\/\/ceccarsibiu.ro\/ro\/wp-json\/wp\/v2\/pages\/1542\/revisions"}],"predecessor-version":[{"id":3892,"href":"https:\/\/ceccarsibiu.ro\/ro\/wp-json\/wp\/v2\/pages\/1542\/revisions\/3892"}],"up":[{"embeddable":true,"href":"https:\/\/ceccarsibiu.ro\/ro\/wp-json\/wp\/v2\/pages\/1403"}],"wp:attachment":[{"href":"https:\/\/ceccarsibiu.ro\/ro\/wp-json\/wp\/v2\/media?parent=1542"}],"curies":[{"name":"wp","href":"https:\/\/api.w.org\/{rel}","templated":true}]}}