{"id":1054,"date":"2018-11-21T12:06:50","date_gmt":"2018-11-21T10:06:50","guid":{"rendered":"https:\/\/ceccararad.ro\/ro\/?page_id=1054"},"modified":"2026-04-07T12:40:01","modified_gmt":"2026-04-07T10:40:01","slug":"taxe-si-cotizatii-2","status":"publish","type":"page","link":"https:\/\/ceccarsibiu.ro\/ro\/membri\/sunt-membru-ceccar\/taxe-si-cotizatii-2\/","title":{"rendered":"Obtinere viza"},"content":{"rendered":"<section   class=\"fw-main-row  auto  fw-section-position-back\"    >\n\t\t\t<div class=\"fw-container\" >\n\t\t<div class=\"fw-row\">\n\t<div id=\"column-69d61279616a8\" class=\"fw-col-sm-12 tf-sh-4bf7de7076824fb4c351a6d1039d0743\" >\n\t<div class=\"fw-wrap-col-inner clearfix  \"   >\n\t\t\t\t<div class=\"fw-col-inner\">\n\t\t\t<div class=\"fw-text-box tf-sh-b4a496c23a94b122350f1c9e2210e50c \" >\n\t<div class=\"fw-text-inner\">\n\t\t<p><strong><span style=\"font-size: 12pt;\">Informa\u021bii ob\u021binere viz\u0103, taxe \u0219i cotiza\u021bii profesionale<br \/><\/span><\/strong><\/p>\n\t<\/div>\n<\/div><div class=\"fw-divider-space space-sm  clearfix\"  ><\/div><div class=\"tf-sh-435841a89aa1e8b5e1a52a967d0eb145 fw-tabs fw-tabs-minimal fw-tabs-top \" >\n\t<ul class=\"nav nav-tabs nav-justified\">\n\t\t\t\t\t<li class=\"active\">\n\t\t\t\t<a href=\"#tab-cont-435841a89aa1e8b5e1a52a967d0eb145-1\" data-toggle=\"tab\">\n\t\t\t\t\t\n\t\t\t\t\t\t\t\t\t\t<span>Taxele de \u00eenscriere \u00een Tabloul Corpului <\/span>\n\t\t\t\t<\/a>\n\t\t\t<\/li>\n\t\t\t\t\t\t\t\t<li >\n\t\t\t\t<a href=\"#tab-cont-435841a89aa1e8b5e1a52a967d0eb145-2\" data-toggle=\"tab\">\n\t\t\t\t\t\n\t\t\t\t\t\t\t\t\t\t<span>Cotizatii profesionale anuale<\/span>\n\t\t\t\t<\/a>\n\t\t\t<\/li>\n\t\t\t\t\t\t\t\t<li >\n\t\t\t\t<a href=\"#tab-cont-435841a89aa1e8b5e1a52a967d0eb145-3\" data-toggle=\"tab\">\n\t\t\t\t\t\n\t\t\t\t\t\t\t\t\t\t<span>Declaratii necesare obtinerii vizei<\/span>\n\t\t\t\t<\/a>\n\t\t\t<\/li>\n\t\t\t\t\t\t\t\t<li >\n\t\t\t\t<a href=\"#tab-cont-435841a89aa1e8b5e1a52a967d0eb145-4\" data-toggle=\"tab\">\n\t\t\t\t\t\n\t\t\t\t\t\t\t\t\t\t<span>Rapoarte anuale de activitate<\/span>\n\t\t\t\t<\/a>\n\t\t\t<\/li>\n\t\t\t\t\t\t\t\t<li >\n\t\t\t\t<a href=\"#tab-cont-435841a89aa1e8b5e1a52a967d0eb145-5\" data-toggle=\"tab\">\n\t\t\t\t\t\n\t\t\t\t\t\t\t\t\t\t<span>Reglement\u0103ri privind acordarea vizei \u015fi plata cotiza\u0163iilor profesionale<\/span>\n\t\t\t\t<\/a>\n\t\t\t<\/li>\n\t\t\t\t\t\t<\/ul>\n\n\t<div class=\"tab-content clearfix\">\n\t\t\t\t\t<div id=\"tab-cont-435841a89aa1e8b5e1a52a967d0eb145-1\"\n\t\t\t     class=\"tab-pane fade in active\">\n\t\t\t\t\n\t\t\t\t\t\t\t\t\t<ul><li style=\"text-align: justify;\">exper\u021bi contabili: 220 RON<\/li><li style=\"text-align: justify;\">contabili autoriza\u021bi: 110 RON<\/li><li>profesio\u0219ti care au ob\u021binut calificarea \u00een alte state \u0219i au parcurs procedura CECCAR de recunoa\u0219tere: 1.100 RON<\/li><li style=\"text-align: justify;\">societ\u0103\u021bi expertiz\u0103 cu capital autohton: 800 RON<\/li><li style=\"text-align: justify;\">societ\u0103\u021bi de contabilitate cu capital autohton: 650 RON<\/li><li style=\"text-align: justify;\">societ\u0103\u021bi cu capital mixt: 2.100 RON<\/li><li style=\"text-align: justify;\">societ\u0103\u021bi cu capital str\u0103in: 2.750 RON<\/li><\/ul>\t\t\t\t\t\t\t<\/div>\n\t\t\t\t\t\t<div id=\"tab-cont-435841a89aa1e8b5e1a52a967d0eb145-2\"\n\t\t\t     class=\"tab-pane fade \">\n\t\t\t\t\n\t\t\t\t\t\t\t\t\t<p style=\"text-align: justify;\">Toate pl\u0103\u021bile reprezent\u00e2nd cotiza\u021bii profesionale\/taxe stagiu\/taxe de \u00eenscriere se vor efectua de c\u0103tre membri \/stagiari <span style=\"color: #ff0000;\"><strong>exclusiv prin transfer bancar (cu ordin de plat\u0103)<\/strong>.<\/span><br \/>Pentru identificarea corect\u0103 a pl\u0103titorului, v\u0103 rug\u0103m s\u0103 men\u021biona\u021bi pe ordinul de plat\u0103 <span style=\"color: #ff0000;\"><strong>seria \u0219i num\u0103rul notei de plat\u0103, precum \u0219i a Codului de Identificare Profesional\u0103. Ambele informa\u021bii se reg\u0103sesc pe nota de plat\u0103 generat\u0103 automat de platform\u0103 la finalizarea pasului 2.<\/strong><\/span><\/p><p>Membrii filialei Sibiu vor efectua pl\u0103\u021bile \u00een contul:<\/p><ul><li>IBAN: RO47 BTRL RONC RT0V 2581 5623<\/li><li>Banca Transilvania SA<\/li><li>Beneficiar: CECCAR Filiala Sibiu<\/li><li>CUI: 7426179<\/li><\/ul><p>&nbsp;<\/p><table width=\"984\"><tbody><tr><td style=\"text-align: center;\" width=\"666\"><strong>COTIZATII PROFESIONALE<\/strong><\/td><td style=\"text-align: center;\" width=\"90\"><strong>Cuantumul cotizatiilor la plata integrala pana la <\/strong><strong>28 februarie 2023<\/strong><\/td><td style=\"text-align: center;\" width=\"108\"><strong>Cuantumul cotizatiilor la plata integrala in perioada 01.03.2023 - <\/strong><strong>30 09.2023<\/strong><\/td><td style=\"text-align: center;\" width=\"120\"><strong>Penalitati calculate la soldul din cotizatia fixa in perioada 01.10.2023 - 31.12.2023<\/strong><\/td><\/tr><tr><td width=\"666\"><strong>Experti contabili \u2013 cotizatii fixe<\/strong><\/td><td width=\"90\"><\/td><td width=\"108\"><\/td><td rowspan=\"19\" width=\"120\">&nbsp;<\/p><p>&nbsp;<\/p><p>&nbsp;<\/p><p>&nbsp;<\/p><p>&nbsp;<\/p><p>&nbsp;<\/p><p>&nbsp;<\/p><p>&nbsp;<\/p><p>&nbsp;<\/p><p>&nbsp;<\/p><p>&nbsp;<\/p><p style=\"text-align: center;\">Penalitate 25% calculata la soldul cotizatiei fixe la 30 septembrie<\/p><\/td><\/tr><tr><td width=\"666\">Liber profesionisti (cu viza si parafa)<\/td><td style=\"text-align: center;\" width=\"90\">700<\/td><td style=\"text-align: center;\" width=\"108\">800<\/td><\/tr><tr><td width=\"666\">Angajati in alte entitati decat cele membre CECCAR, care <strong>nu<\/strong> exercita profesia (fara viza si fara parafa)<\/td><td style=\"text-align: center;\" width=\"90\">500<\/td><td style=\"text-align: center;\" width=\"108\">600<\/td><\/tr><tr><td width=\"666\">Administratori\/asociati in societati membre CECCAR, care exercita profesia atat individual cat si prin societate (cu viza si parafa)<\/td><td style=\"text-align: center;\" width=\"90\">600<\/td><td style=\"text-align: center;\" width=\"108\">800<\/td><\/tr><tr><td width=\"666\">Administratori\/asociati in societati membre CECCAR care <strong>nu <\/strong>exercita individual profesia, ci numai prin societate (cu viza si fara parafa)<\/td><td style=\"text-align: center;\" width=\"90\">500<\/td><td style=\"text-align: center;\" width=\"108\">600<\/td><\/tr><tr><td width=\"666\">Angajati in societati membre CECCAR cu norma intreaga, care exercita si individual profesia (cu viza si parafa)<\/td><td style=\"text-align: center;\" width=\"90\">700<\/td><td style=\"text-align: center;\" width=\"108\">800<\/td><\/tr><tr><td width=\"666\">Angajati in societati membre CECCAR cu norma intreaga care <strong>nu<\/strong> exercita individual profesia (fara viza si fara parafa)<\/td><td style=\"text-align: center;\" width=\"90\">400<\/td><td style=\"text-align: center;\" width=\"108\">500<\/td><\/tr><tr><td width=\"666\"><strong>Contabili autorizati\u2013 cotizatii fixe<\/strong><\/td><td style=\"text-align: center;\" width=\"90\"><\/td><td style=\"text-align: center;\" width=\"108\"><\/td><\/tr><tr><td width=\"666\">Liber profesionisti (cu viza si parafa)<\/td><td style=\"text-align: center;\" width=\"90\">570<\/td><td style=\"text-align: center;\" width=\"108\">670<\/td><\/tr><tr><td width=\"666\">Angajati in alte entitati decat cele membre CECCAR, care <strong>nu<\/strong> exercita profesia (fara viza si fara parafa)<\/td><td style=\"text-align: center;\" width=\"90\">300<\/td><td style=\"text-align: center;\" width=\"108\">400<\/td><\/tr><tr><td width=\"666\">Administratori\/asociati in societati membre CECCAR, care exercita profesia atat individual cat si prin societate (cu viza si parafa)<\/td><td style=\"text-align: center;\" width=\"90\">570<\/td><td style=\"text-align: center;\" width=\"108\">670<\/td><\/tr><tr><td width=\"666\">Administratori\/asociati in societati membre CECCAR care <strong>nu <\/strong>exercita individual profesia, ci numai prin societate (cu viza si fara parafa)<\/td><td style=\"text-align: center;\" width=\"90\">300<\/td><td style=\"text-align: center;\" width=\"108\">400<\/td><\/tr><tr><td width=\"666\">Angajati in societati membre CECCAR cu norma intreaga, care exercita si individual profesia (cu viza si parafa)<\/td><td style=\"text-align: center;\" width=\"90\">570<\/td><td style=\"text-align: center;\" width=\"108\">670<\/td><\/tr><tr><td width=\"666\">Angajati in societati membre CECCAR cu norma intreaga care <strong>nu<\/strong> exercita individual profesia (fara viza si fara parafa)<\/td><td style=\"text-align: center;\" width=\"90\">250<\/td><td style=\"text-align: center;\" width=\"108\">350<\/td><\/tr><tr><td width=\"666\"><strong>Societati de expertiza contabila si societati de contabilitate \u2013 cotizatii fixe<\/strong><\/td><td style=\"text-align: center;\" width=\"90\"><\/td><td style=\"text-align: center;\" width=\"108\"><\/td><\/tr><tr><td width=\"666\">Cu cifra totala de afaceri sub 100.000 euro<\/td><td style=\"text-align: center;\" width=\"90\">700<\/td><td style=\"text-align: center;\" width=\"108\">700<\/td><\/tr><tr><td width=\"666\">Cu cifra totala de afaceri peste 100.000 euro<\/td><td style=\"text-align: center;\" width=\"90\">800<\/td><td style=\"text-align: center;\" width=\"108\">800<\/td><\/tr><tr><td width=\"666\">Experti contabili si contabili autorizati inactivi \u2013 prezentare anuala adeverinta de incadrare in lege speciala (imposibilitate practicare profesie)<\/td><td style=\"text-align: center;\" width=\"90\">300<\/td><td style=\"text-align: center;\" width=\"108\">500<\/td><\/tr><tr><td width=\"666\">Membri aflati in concediu de crestere copil, a concediului de acomodare a minorului sau detasare\/angajare in strainatate \u2013 prezentare documentatie necesara de incadrare in aceasta categorie<\/td><td style=\"text-align: center;\" width=\"90\">150<\/td><td style=\"text-align: center;\" width=\"108\">250<\/td><\/tr><tr><td width=\"666\">Cotizatia variabila experti contabili, contabili autorizati si societati<\/td><td style=\"text-align: center;\" width=\"90\">0.75%<\/td><td style=\"text-align: center;\" width=\"108\">1.20%<\/td><td width=\"120\"><\/td><\/tr><tr><td colspan=\"4\" width=\"984\">Membri de onoare\/Presedintii de onoare sunt scutiti de cotizatia fixa doar daca acestia nu-si exercita profesia ca individual sau prin intermediul unei societati de expertiza sau societati de contabilitate cu viza anuala de exercitare a profesiei<\/td><\/tr><tr><td colspan=\"4\" width=\"984\"><span style=\"color: #ff0000;\"><strong>Aten\u021bie!!<\/strong><\/span> \u00cen cazul in care membrii Corpului \u2013persoane fizice, societati de expertiza contabila si societati de contabilitate, nu depun Declaratia privind modul de exercitare a profesiei pe anul in curs pana la <span style=\"color: #ff0000;\"><strong>30 septembrie a anului curent<\/strong><\/span>, acestia vor fi debitati cu urmatoarele cotizatii:<\/p><ul><li><strong>800 lei\/an<\/strong> pentru persoanele fizice;<\/li><li><strong>800 lei\/an<\/strong> pentru persoanele juridice, societati de contabilitate sau societati de expertiza contabila.<\/li><\/ul><p>Suplimentar fata de sumele de mai sus se vor calcula <strong>penalit\u0103\u021bi de 25 %<\/strong>.<\/td><\/tr><tr><td colspan=\"4\" width=\"984\"><strong>Membrii Corpului, exper\u021bi contabili \u0219i contabili autoriza\u021bi, care achit\u0103 cotiza\u021bia fix\u0103 anual\u0103, beneficiaz\u0103 gratuit, doar pentru anul aferent cotiza\u021biei, de cursurile de preg\u0103tire profesional\u0103 continu\u0103.<\/strong><\/td><\/tr><\/tbody><\/table>\t\t\t\t\t\t\t<\/div>\n\t\t\t\t\t\t<div id=\"tab-cont-435841a89aa1e8b5e1a52a967d0eb145-3\"\n\t\t\t     class=\"tab-pane fade \">\n\t\t\t\t\n\t\t\t\t\t\t\t\t\t<ul><li><a href=\"https:\/\/ceccarsibiu.ro\/ro\/wp-content\/uploads\/2019\/11\/13-PF-DeclaratieAsigurareProfesionala.pdf\">Declaratie privind polita de asigurare<\/a><\/li><li><a href=\"https:\/\/ceccarsibiu.ro\/ro\/wp-content\/uploads\/2019\/03\/Declaratie-cazier.pdf\" target=\"_blank\" rel=\"noopener\">Declaratie cazier<\/a><\/li><li><a href=\"https:\/\/ceccarsibiu.ro\/ro\/wp-content\/uploads\/2019\/03\/Declaratie-capacitate-deplina.pdf\" target=\"_blank\" rel=\"noopener\">Declaratie de capacitate de exercitiu deplina<\/a><\/li><\/ul>\t\t\t\t\t\t\t<\/div>\n\t\t\t\t\t\t<div id=\"tab-cont-435841a89aa1e8b5e1a52a967d0eb145-4\"\n\t\t\t     class=\"tab-pane fade \">\n\t\t\t\t\n\t\t\t\t\t\t\t\t\t<p style=\"text-align: justify;\">Reg\u0103si\u021bi mai jos formularul Raport de activitate pentru anul 2024, cu men\u021biunea c\u0103 acesta se va completa electronic \u0219i <strong>se va depune exclusiv on-line \u00een platforma <a href=\"https:\/\/raport.ceccar.ro\">raport.ceccar.ro<\/a>, utiliz\u00e2nd acelea\u0219i date de logare ca \u0219i \u00een anii preceden\u021bi. <\/strong>\u00a0Raportul se consider\u0103 \u00eenc\u0103rcat dup\u0103 finalizarea tuturor pa\u0219ilor \u0219i emiterea confirm\u0103rii de \u00eenc\u0103rcare.<\/p><p style=\"text-align: justify;\">Cotiza\u021biile se genereaz\u0103 automat prin Nota de plat\u0103 din raportul de activitate, \u00een func\u021bie de categoria profesional\u0103 declarat\u0103 de fiecare membru.<\/p><p style=\"text-align: justify;\"><strong>V\u0103 inform\u0103m c\u0103 rapoartele depuse fizic la filialele CECCAR, transmise prin e-mail sau prin Po\u0219ta Rom\u00e2n\u0103 \/ curier nu vor fi luate \u00een considerare.<\/strong><\/p><p style=\"text-align: justify;\">Men\u021bion\u0103m c\u0103 membrii care nu \u0219i-au depus Raportul de activitate pentru anii anteriori pe platforma raport.ceccar.ro, vor putea \u00eenc\u0103rca Raportul de activitate pentru anul 2024, doar dup\u0103 \u00eenc\u0103rcarea\u00a0 Raportului de activitate pentru anii preceden\u021bi.<\/p><p style=\"text-align: justify;\"><strong>Termenul limit\u0103 de transmitere a raportului de activitate este 28 februarie 2025.<\/strong><\/p><ul><li style=\"text-align: justify;\"><a href=\"https:\/\/ceccarsibiu.ro\/ro\/wp-content\/uploads\/2025\/01\/Raport-Anual-de-activitatePF2025.pdf\"><strong>Raport Persoane fizice pentru anul 2024<\/strong><\/a><\/li><li style=\"text-align: justify;\"><a href=\"https:\/\/ceccarsibiu.ro\/ro\/wp-content\/uploads\/2021\/02\/Instructiuni-Depunere-RA.-PF-2.pdf\"><strong>Instructiuni de completare PF<\/strong><\/a><\/li><li style=\"text-align: justify;\"><a href=\"https:\/\/ceccarsibiu.ro\/ro\/wp-content\/uploads\/2025\/01\/Raport-Anual-de-activitate-PJ2025.pdf\"><strong>Raport Persoane juridice pentru anul 2024<\/strong><\/a><\/li><li style=\"text-align: justify;\"><a href=\"https:\/\/ceccarsibiu.ro\/ro\/wp-content\/uploads\/2021\/02\/Instructiuni-PJ-2.pdf\"><strong>Instructiuni de completare PJ<\/strong><\/a><\/li><\/ul><p style=\"text-align: justify;\"><span style=\"color: #ff0000;\"><strong>!!!<\/strong><\/span><strong>Administratorii\/Asocia\u021bii din cadrul societ\u0103\u021bilor autorizate trebuie s\u0103 depun\u0103 Raport de activitate at\u00e2t\u00a0pentru societate, c\u00e2t \u0219i ca persoan\u0103 fizic\u0103.<\/strong><\/p>\t\t\t\t\t\t\t<\/div>\n\t\t\t\t\t\t<div id=\"tab-cont-435841a89aa1e8b5e1a52a967d0eb145-5\"\n\t\t\t     class=\"tab-pane fade \">\n\t\t\t\t\n\t\t\t\t\t\t\t\t\t<p><strong>Facilit\u0103\u021bile financiare<\/strong> de referin\u021b\u0103 pentru cotiza\u021bii, \u00een conformitate cu Hot\u0103r\u00e2rea Conferin\u021bei Na\u021bionale din 04 aprilie 2020, se acord\u0103 <strong>cu condi\u021bia \u00eendeplinirii cumulative a obliga\u021biilor<\/strong> fa\u021b\u0103 de Corp:<\/p><ul style=\"list-style-type: circle;\"><li>plata integral\u0103 \u0219i \u00een termen a cotiza\u021biilor<\/li><li>efectuarea integral\u0103 a orelor de preg\u0103tire profesional\u0103, pentru to\u021bi membrii activi (cu sau f\u0103r\u0103 viz\u0103 de exercitare a profesiei): <strong>40 ore \u00een ultimul an \u0219i 120 ore \u00een ultimii 3 ani<\/strong><\/li><li>depunerea Rapoartelor de activitate pe anul anterior, inclusiv a declara\u021biei privind modul de exercitare a profesiei \u00een anul \u00een curs<\/li><\/ul><p><strong>p\u00e2n\u0103 pe data de 28 februarie<\/strong> a fiec\u0103rui an.<\/p><ul><li><a href=\"https:\/\/ceccarsibiu.ro\/ro\/wp-content\/uploads\/2023\/03\/Metodologia-de-acordare-a-vizei-anuale-pentru-exercitarea-profesiei-2019-cu-modificari-aprobate-2023-1.pdf\">Metodologia de acordare a vizei anuale pentru exercitarea profesiei - modificat 2023<\/a><\/li><li><a href=\"https:\/\/ceccarsibiu.ro\/ro\/wp-content\/uploads\/2023\/03\/Sistemul-de-cotizatii-cu-modificari-aprobate-2023.pdf\">Sistemul de cotiza\u0163ii \u00een cadrul CECCAR - modificat 2023<span style=\"color: #ff0000;\">*<\/span><\/a><\/li><li><a href=\"https:\/\/ceccarsibiu.ro\/ro\/wp-content\/uploads\/2019\/11\/Metodolog_stabilire-cotizatii-membru.pdf\">Metodologia de stabilire a cotiza\u0163iilor de membru<\/a><\/li><\/ul><p style=\"text-align: justify;\"><span style=\"color: #ff0000;\">*\u00eencep\u00e2nd cu anul 2025 cotiza\u021bia fix\u0103 anual\u0103 datorat\u0103 Corpului de c\u0103tre membrii inactivi persoane fizice este de 500 lei\/an, respectiv 300 lei\/an\u00a0 pentru\u00a0 membrii inactivi care \u00eendeplinesc conditiile mentionate la art. 4 din Sistemul de cotiza\u021bii \u00een cadrul CECCAR<\/span><\/p>\t\t\t\t\t\t\t<\/div>\n\t\t\t\t<\/div>\n<\/div><div class=\"fw-divider-space space-sm  clearfix\"  ><\/div>\t\t<\/div>\n\t<\/div>\n<\/div><\/div>\n\n\t<\/div>\n\t<\/section>\n","protected":false},"excerpt":{"rendered":"<p>Informa\u021bii ob\u021binere viz\u0103, taxe \u0219i cotiza\u021bii profesionale Taxele de \u00eenscriere \u00een Tabloul Corpului Cotizatii profesionale anuale Declaratii necesare obtinerii vizei Rapoarte anuale de activitate Reglement\u0103ri privind acordarea vizei \u015fi plata cotiza\u0163iilor profesionale exper\u021bi contabili: 220 [&hellip;]<\/p>\n","protected":false},"author":1,"featured_media":0,"parent":310,"menu_order":0,"comment_status":"closed","ping_status":"closed","template":"visual-builder-template.php","meta":{"footnotes":""},"class_list":["post-1054","page","type-page","status-publish","hentry"],"_links":{"self":[{"href":"https:\/\/ceccarsibiu.ro\/ro\/wp-json\/wp\/v2\/pages\/1054"}],"collection":[{"href":"https:\/\/ceccarsibiu.ro\/ro\/wp-json\/wp\/v2\/pages"}],"about":[{"href":"https:\/\/ceccarsibiu.ro\/ro\/wp-json\/wp\/v2\/types\/page"}],"author":[{"embeddable":true,"href":"https:\/\/ceccarsibiu.ro\/ro\/wp-json\/wp\/v2\/users\/1"}],"replies":[{"embeddable":true,"href":"https:\/\/ceccarsibiu.ro\/ro\/wp-json\/wp\/v2\/comments?post=1054"}],"version-history":[{"count":77,"href":"https:\/\/ceccarsibiu.ro\/ro\/wp-json\/wp\/v2\/pages\/1054\/revisions"}],"predecessor-version":[{"id":3898,"href":"https:\/\/ceccarsibiu.ro\/ro\/wp-json\/wp\/v2\/pages\/1054\/revisions\/3898"}],"up":[{"embeddable":true,"href":"https:\/\/ceccarsibiu.ro\/ro\/wp-json\/wp\/v2\/pages\/310"}],"wp:attachment":[{"href":"https:\/\/ceccarsibiu.ro\/ro\/wp-json\/wp\/v2\/media?parent=1054"}],"curies":[{"name":"wp","href":"https:\/\/api.w.org\/{rel}","templated":true}]}}